{"id":251,"date":"2015-06-01T22:09:12","date_gmt":"2015-06-01T20:09:12","guid":{"rendered":"http:\/\/www.bulletbar.at\/rc-zirl\/?page_id=251"},"modified":"2023-03-02T15:47:35","modified_gmt":"2023-03-02T14:47:35","slug":"kontakt","status":"publish","type":"page","link":"https:\/\/www.rcc-zirl.at\/de\/kontakt\/","title":{"rendered":"Kontakt + Dokumente"},"content":{"rendered":"<p><strong>Anschrift:<br \/>\n<\/strong><br \/>\nRCC-Zirl<br \/>\nDietmar Keplinger<br \/>\nBahnhofstra\u00dfe 24c<br \/>\n6170 Zirl<\/p>\n<p><strong>Vereinsnummer:<\/strong><br \/>\nZVR-Zahl: 918277329<\/p>\n<p><strong>E-Mail Anfragen: <\/strong> <a class=\"style2\" href=\"mailto:info@rcc-zirl.at?Subject=Anfrage\">Senden<\/a><\/p>\n<p><strong>Dokumente:<\/strong><br \/>\nRCC-Zirl Vereinsstatuten &#8211; <a href=\"https:\/\/www.rcc-zirl.at\/de\/wp-content\/uploads\/2022\/03\/RCC-Zirl-Vereinsstatuten-Feb.-2020.pdf\" target=\"_blank\" rel=\"noopener\">Download<\/a><br \/>\nRCC-Zirl Vereinsregeln-Platzordnung &#8211; <a href=\"https:\/\/www.rcc-zirl.at\/de\/wp-content\/uploads\/2022\/03\/RCC-Zirl-Platzordnung-Feb.-2020.pdf\" target=\"_blank\" rel=\"noopener\">Download<\/a><br \/>\nRCC-Zirl Genehmigung f\u00fcr den UAS-Betrieb Art.16 &#8211; <a href=\"https:\/\/www.rcc-zirl.at\/de\/wp-content\/uploads\/2023\/02\/2022-12-30-BESCHEID_E-LFA907-153_01-22_RCC-Zirl.pdf\" target=\"_blank\" rel=\"noopener\">Download<\/a><br \/>\nRCC-Zirl Bewerbungsbogen &#8211; <a href=\"http:\/\/www.rcc-zirl.at\/de\/wp-content\/uploads\/2015\/06\/Bewerbungsbogen2015.pdf\" target=\"_blank\" rel=\"noopener\">Download<\/a><br \/>\nRCC-Zirl Aeroclubanmeldeformular &#8211; <a href=\"http:\/\/www.rcc-zirl.at\/de\/wp-content\/uploads\/2015\/06\/Aeroclubanmeldeformular-RCC-Zirl.pdf\" target=\"_blank\" rel=\"noopener\">Download<\/a><br \/>\nRCC-Zirl Schadensberichtformular &#8211; <a href=\"https:\/\/www.rcc-zirl.at\/de\/wp-content\/uploads\/2022\/03\/SchadensberichtMod_2021.pdf\" target=\"_blank\" rel=\"noopener\">Download<\/a><\/p>\n<p><strong>Datenschutzhinweis<br \/>\n<\/strong>Sofern Sie unsere Kontaktformulare verwenden, werden dabei personenbezogene Informationen \u00fcbertragen und gespeichert. Die Daten werden ausschlie\u00dflich f\u00fcr den jeweiligen Zweck zur Bearbeitung Ihrer Anfrage verwendet und nicht an Dritte weitergegeben, verkauft oder vermietet.<\/p>\n","protected":false},"excerpt":{"rendered":"<p>Anschrift: RCC-Zirl Dietmar Keplinger Bahnhofstra\u00dfe 24c 6170 Zirl Vereinsnummer: ZVR-Zahl: 918277329 E-Mail Anfragen: Senden Dokumente: RCC-Zirl Vereinsstatuten &#8211; Download RCC-Zirl Vereinsregeln-Platzordnung &#8211; Download RCC-Zirl Genehmigung f\u00fcr den UAS-Betrieb Art.16 &#8211; Download RCC-Zirl Bewerbungsbogen &#8211; Download RCC-Zirl Aeroclubanmeldeformular &#8211; Download RCC-Zirl&#8230; <a class=\"read-more-button\" href=\"https:\/\/www.rcc-zirl.at\/de\/kontakt\/\">(MEHR LESEN)<\/a><\/p>\n","protected":false},"author":1,"featured_media":0,"parent":0,"menu_order":0,"comment_status":"closed","ping_status":"closed","template":"","meta":{"ngg_post_thumbnail":0,"footnotes":""},"class_list":["post-251","page","type-page","status-publish","hentry"],"_links":{"self":[{"href":"https:\/\/www.rcc-zirl.at\/de\/wp-json\/wp\/v2\/pages\/251","targetHints":{"allow":["GET"]}}],"collection":[{"href":"https:\/\/www.rcc-zirl.at\/de\/wp-json\/wp\/v2\/pages"}],"about":[{"href":"https:\/\/www.rcc-zirl.at\/de\/wp-json\/wp\/v2\/types\/page"}],"author":[{"embeddable":true,"href":"https:\/\/www.rcc-zirl.at\/de\/wp-json\/wp\/v2\/users\/1"}],"replies":[{"embeddable":true,"href":"https:\/\/www.rcc-zirl.at\/de\/wp-json\/wp\/v2\/comments?post=251"}],"version-history":[{"count":17,"href":"https:\/\/www.rcc-zirl.at\/de\/wp-json\/wp\/v2\/pages\/251\/revisions"}],"predecessor-version":[{"id":4719,"href":"https:\/\/www.rcc-zirl.at\/de\/wp-json\/wp\/v2\/pages\/251\/revisions\/4719"}],"wp:attachment":[{"href":"https:\/\/www.rcc-zirl.at\/de\/wp-json\/wp\/v2\/media?parent=251"}],"curies":[{"name":"wp","href":"https:\/\/api.w.org\/{rel}","templated":true}]}}