{"id":7,"date":"2015-05-22T12:39:58","date_gmt":"2015-05-22T10:39:58","guid":{"rendered":"http:\/\/www.bulletbar.at\/rc-zirl\/?page_id=7"},"modified":"2026-03-23T22:03:28","modified_gmt":"2026-03-23T21:03:28","slug":"home","status":"publish","type":"page","link":"https:\/\/www.rcc-zirl.at\/de\/","title":{"rendered":"Home"},"content":{"rendered":"<h1><span style=\"color: #3366ff; font-size: 24px;\"><span style=\"font-family: arial, helvetica, sans-serif;\">Veranstaltungen RCC-Zirl 2025:<\/span><\/span><\/h1>\n<p><span style=\"font-size: 12px;\"><span style=\"font-size: 12px;\"><span style=\"color: #ff0000;\"><strong><span style=\"color: #ff0000;\">30.01.2026&nbsp; &nbsp; &nbsp; &nbsp;Jahreshauptversammlung 19:00<\/span><br \/>\n<\/strong><\/span><strong><span style=\"font-size: 12px;\"><strong>14.03.2026&nbsp; &nbsp; &nbsp; &nbsp;Arbeitseinsatz, Flurreinigung(bei Schlechtwetter 21.03)<\/strong><\/span><\/strong><span style=\"color: #ff0000;\"><strong><br \/>\n<span style=\"font-size: 12px;\"><span style=\"color: #ff0000;\"><strong><span style=\"color: #000000;\">30.05.2026&nbsp; &nbsp; &nbsp; &nbsp;RCC-Fest (bei Schlechtwetter XX.XX.26)<\/span><br \/>\n<span style=\"font-size: 12px;\"><span style=\"color: #ff0000;\"><strong><span style=\"color: #000000;\">04-06.09.2026&nbsp; &nbsp;Hangflug Wochenende Lajen Hatzis S\u00fcdtirol<\/span><br \/>\n<\/strong><\/span><\/span><\/strong><\/span><\/span><\/strong><\/span><span style=\"color: #000000;\"><strong><span style=\"font-size: 12px;\"><strong><span style=\"font-size: 12px;\"><strong>xx.xx.2026&nbsp; &nbsp; &nbsp; &nbsp; Abfliegen, T\u00f6rgelen<\/strong><\/span><br \/>\nxx.xx.2026&nbsp; &nbsp; &nbsp; &nbsp;Beim Weihnachtswald auf ein gem\u00fctliches Zusammentreffen bei Kiachl+Gl\u00fchwein<br \/>\n<\/strong><\/span><\/strong><\/span><\/span><\/span><\/p>\n<h1><strong><span style=\"font-size: 20px;\"><a href=\" https:\/\/www.prop.at\/information\/veranstaltungskalender.html\" target=\"_blank\" rel=\"noopener\"><span style=\"font-family: arial, helvetica, sans-serif;\"><span style=\"text-decoration: underline;\">Prop.at &#8211; Veranstaltungenskalender<\/span><\/span><\/a><\/span><\/strong><\/h1>\n<p><a href=\"https:\/\/www.prop.at\/information\/bewerbskalender.html\" target=\"_blank\" rel=\"noopener\"><strong><span style=\"text-decoration: underline; color: #679146;\"><span style=\"font-size: 20px;\">Prop.at &#8211; Webbewerbskalender<\/span><\/span><\/strong><\/a><\/p>\n<p><span style=\"font-size: 20px;\"><a href=\"https:\/\/www.rcc-zirl.at\/de\/veranstalltungen-tirol\/\" target=\"_blank\" rel=\"noopener\"><strong>Veranstaltungen Tirol<\/strong><\/a><\/span><\/p>\n<h1><strong><span style=\"color: #3366ff;\">Arbeitseinsatz 05.04.2025<\/span><\/strong><\/h1>\n<p><strong>Am 05.04 wurde die Aktion &#8222;Flurreinigung Zirl 2025&#8220; der Gemeinde Zirl vom RCC-Zirl wieder durchgef\u00fchrt. Auch heuer wurden viele M\u00fclls\u00e4cke gef\u00fcllt. Viel Dank, die mitgeholfen habe. <\/strong><\/p>\nngg_shortcode_0_placeholder\n<h1><a href=\"https:\/\/rcc-zirl.at\/flugbuch\/\" target=\"_blank\" rel=\"noopener\"><span style=\"font-family: arial, helvetica, sans-serif;\"><strong>Anmeldung Flugbuch Online<\/strong><\/span><\/a><\/h1>\n<h1><span style=\"color: #3366ff;\">Hangsegelwochenende Lajen Hatzis S\u00fcdtirol<\/span><\/h1>\n<p><strong>RCC-Zirl 6. Hangsegelwochenende am 2025.09in Lajen beim Gasthof Hatzis in S\u00fcdtirol. Dies war wieder ein voller Erfolg sowohl fliegerisch als auch kulinarisch. Wir hatten an allen drei Tagen (Fr.-So.) perfekte Flugbedingungen. Es wechselte zwischen thermischen Aufwind bis zum dynamischen Hangaufwind &#8222;leichter F\u00f6hn&#8220;. Unter Tags herrschten sommerliche Temperaturen. Der Ausflug wird n\u00e4chstes Jahr etwas fr\u00fcher wiederholt. (02-04.09.2026) Die Zimmer sind bereits ab Freitag dem 02.09.26 reserviert. <br \/>\n<\/strong><\/p>\n<p><strong> Webcam Hatzis: <br \/>\nKamera Rooftoop: <a href=\"https:\/\/rtsp.me\/embed\/h6s32Dzd\/\" target=\"_blank\" rel=\"noopener\">https:\/\/rtsp.me\/embed\/h6s32Dzd\/<\/a><br \/>\nKamera Parking Area: <a href=\"https:\/\/rtsp.me\/embed\/ZrNt654R\/\" target=\"_blank\" rel=\"noopener\">https:\/\/rtsp.me\/embed\/ZrNt654R\/<\/a><\/strong><\/p>\nngg_shortcode_1_placeholder\n<h1><span style=\"color: #3366ff;\">Flugplatz Fest 2025<\/span><\/h1>\n<p><strong>Es war ein gelungenes Fest mit vielen Fl\u00fcgen. Die Flugbedingungen und das Wetter waren perfekt. Wir durften auf unserem Flugplatz Gastpiloten vom MBC-Inzing und MBC-Innsbruck begr\u00fc\u00dfen, welche uns spektakul\u00e4re Flugvorf\u00fchrungen zeigten.&nbsp; Herzlichen Dank an Luis + Gerhard, welche wieder mit den Saxofonen f\u00fcr eine angenehme Atmosph\u00e4re sorgten.&nbsp;<\/strong><\/p>\nngg_shortcode_2_placeholder\n<h1><span style=\"color: #3366ff;\">Abfliegen 2024<\/span><\/h1>\n<p><strong>Bei wundersch\u00f6nen Herbst Wetter veranstalteten wir das Abfliegen. Einige nutzen noch die warme Mittagszeit, um nochmals eine Runde zu fliegen, andere waren mit fachsimpeln besch\u00e4ftigt. Zu Mittag gab es als St\u00e4rkung W\u00fcrsteln. Anschlie\u00dfend zum Aufw\u00e4rmen wurde Gl\u00fchwein und Punsch ausgegeben. F\u00fcr die kalten Finger gab es dann hei\u00dfe Kastanien. Einen herzlichen Dank an alle Helfer und Martin f\u00fcr die musikalische Atmosph\u00e4re.<\/strong><\/p>\nngg_shortcode_3_placeholder\n<h1><span style=\"color: #3366ff;\">Teambilding Lehrlinge der Fa. Hollu Zirl<\/span><\/h1>\n<p><strong>Der Lehrlinge konnte erste Flugversuche am Simulator machen, um dann mittels Lehrer-Sch\u00fcler Funktion ein richtiges Modellflugzeug zu steuern. Es waren auch die Ausbildner mit dabei, wo so manch einer auch versuchte mittels Lehrer das Sch\u00fclermodel zu steuern. Wir waren \u00fcberrascht, wie gut manche Lehrlinge, Betreuer das Model steuerten. Zum Schluss konnte jeder, dann einen Schleudersegler zusammenbauen und sich mit den andern messen. Es ging darum, wurde den Segler am weitesten zum Fliegen brachte. Es hat uns viel Spa\u00df gemacht, mit so vielen interessierten Jugendlichen etwas Theorie und Praxis zum Thema Modelfliegen zu machen.<\/strong><\/p>\nngg_shortcode_4_placeholder\n<h1><span style=\"font-family: arial, helvetica, sans-serif; font-size: 24px; color: #3366ff;\">Flugmodele 2023.05.27 am Flugplatz<\/span><\/h1>\nngg_shortcode_5_placeholder\n<h1><strong><span style=\"font-family: arial, helvetica, sans-serif; font-size: 24px; color: #3366ff;\">Arbeitseinsatz 22.04.2023<\/span><br \/>\n<\/strong><\/h1>\n<p><strong>Am 22.04 wurde die Aktion &#8222;Flurreinigung Zirl 2023&#8220; der Gemeinde Zirl vom RCC-Zirl nach bedingter zwei j\u00e4hriger Pause wieder durchgef\u00fchrt. Auch heuer wurden viele M\u00fclls\u00e4cke gef\u00fcllt. Zugleich wurde unsere H\u00fctte und die Ladestation gereinigt und entr\u00fcmpelt. Als Belohnung wurde dann gegrillt.<\/strong><\/p>\nngg_shortcode_6_placeholder\n<h1><span style=\"font-family: arial, helvetica, sans-serif; color: #3366ff;\">Herbstfliegen 2022<\/span><\/h1>\nngg_shortcode_7_placeholder\n<h1><span style=\"font-family: arial, helvetica, sans-serif; color: #3366ff;\">Christian\u00b4s MiG<\/span><\/h1>\n<div class=\"wp-playlist wp-video-playlist wp-playlist-light\">\n\t\t<video controls=\"controls\" preload=\"none\" width=\"568\"\n\t\t height=\"322\"\t><\/video>\n\t<div class=\"wp-playlist-next\"><\/div>\n\t<div class=\"wp-playlist-prev\"><\/div>\n\t<noscript>\n\t<ol>\n\t\t<li><a href='https:\/\/www.rcc-zirl.at\/de\/wp-content\/uploads\/2022\/06\/Christian-MiG.mp4'>Christian MiG beim Landeanflug<\/a><\/li><li><a href='https:\/\/www.rcc-zirl.at\/de\/wp-content\/uploads\/2022\/06\/MiG-StartUeberflug.mp4'>MiG Start+\u00dcberflug<\/a><\/li>\t<\/ol>\n\t<\/noscript>\n\t<script type=\"application\/json\" class=\"wp-playlist-script\">{\"type\":\"video\",\"tracklist\":true,\"tracknumbers\":true,\"images\":true,\"artists\":true,\"tracks\":[{\"src\":\"https:\/\/www.rcc-zirl.at\/de\/wp-content\/uploads\/2022\/06\/Christian-MiG.mp4\",\"type\":\"video\/mp4\",\"title\":\"Christian MiG beim Landeanflug\",\"caption\":\"Christian\\u00b4s MiG beim Landeanflug\",\"description\":\"Christian\\u00b4s MiG beim Landeanflug\",\"meta\":{\"length_formatted\":\"0:28\"},\"dimensions\":{\"original\":{\"width\":848,\"height\":480},\"resized\":{\"width\":568,\"height\":322}},\"image\":{\"src\":\"https:\/\/www.rcc-zirl.at\/de\/wp-content\/uploads\/2022\/06\/DeutschMiG-29G_Bildgroesse-aendern.jpg\",\"width\":800,\"height\":521},\"thumb\":{\"src\":\"https:\/\/www.rcc-zirl.at\/de\/wp-content\/uploads\/2022\/06\/DeutschMiG-29G_Bildgroesse-aendern-150x150.jpg\",\"width\":150,\"height\":150}},{\"src\":\"https:\/\/www.rcc-zirl.at\/de\/wp-content\/uploads\/2022\/06\/MiG-StartUeberflug.mp4\",\"type\":\"video\/mp4\",\"title\":\"MiG Start+\\u00dcberflug\",\"caption\":\"MiG Start+\\u00dcberflug\",\"description\":\"MiG Start+\\u00dcberflug\",\"meta\":{\"length_formatted\":\"0:47\"},\"dimensions\":{\"original\":{\"width\":848,\"height\":480},\"resized\":{\"width\":568,\"height\":322}},\"image\":{\"src\":\"https:\/\/www.rcc-zirl.at\/de\/wp-includes\/images\/media\/video.svg\",\"width\":48,\"height\":64},\"thumb\":{\"src\":\"https:\/\/www.rcc-zirl.at\/de\/wp-includes\/images\/media\/video.svg\",\"width\":48,\"height\":64}}]}<\/script>\n<\/div>\n\t\n<h1><span style=\"text-decoration: underline;\"><span style=\"color: #3366ff; font-family: arial, helvetica, sans-serif; font-size: 28px; text-decoration: underline;\">F5J Hepf 3,4m<\/span><\/span><\/h1>\n<p><span style=\"font-size: 16px;\"><strong><a href=\"https:\/\/hepf.com\/\">https:\/\/hepf.com\/<\/a><\/strong><\/span><\/p>\n<p><span style=\"font-size: 16px;\"><strong>F\u00fcr langsames und enges Kreisen ist der Flieger entwickelt worden, trotzdem l\u00e4sst die stabile Konstruktion einen schnellen \u00dcberflug und einige Kunstst\u00fcckchen zu.<\/strong><\/span><\/p>\n<ul>\n<li><span style=\"font-size: 16px;\">Spannweite 3400mm<\/span><\/li>\n<li><span style=\"font-size: 16px;\">L\u00e4nge 1540mm<\/span><\/li>\n<li><span style=\"font-size: 16px;\">Fluggewicht 1100g<\/span><\/li>\n<li><span style=\"font-size: 16px;\">Leergewicht 700g<\/span><\/li>\n<\/ul>\nngg_shortcode_8_placeholder\n<h1><span style=\"font-family: arial, helvetica, sans-serif;\"><span style=\"text-decoration: underline;\"><span style=\"font-size: 28px;\">&nbsp;<\/span><\/span><strong><span style=\"color: #99cc00;\"><span style=\"color: #3366ff;\"><span style=\"text-decoration: underline;\"><span style=\"font-size: 28px;\">Jugend bastelt Indoorflieger<\/span><br \/>\n<\/span><\/span><\/span><\/strong><\/span><\/h1>\nngg_shortcode_9_placeholder\n<p>&nbsp;<\/p>\n<h1><span style=\"font-family: arial, helvetica, sans-serif; color: #3366ff;\">Sanierung + Erweiterung Ladestation 2021<\/span><\/h1>\n<p><strong><span style=\"font-family: arial, helvetica, sans-serif; font-size: 16px;\">Absofort steht uns eine Solarleistung von bis zu 1160 W und eine Akkukapazit\u00e4t von 12V \/ 460Ah zur Verf\u00fcgung. Das sollte auch bei intensiven Flugtagen reichen.<\/span><\/strong><\/p>\n<p><strong><span style=\"font-size: 16px; font-family: arial, helvetica, sans-serif;\">Es hat ein ganzes Team an Helfern in die H\u00e4nde gespuckt und die von Ramon und Dietmar zugeschnittene und gefr\u00e4ste &#8222;Ladekiste + Ablagefl\u00e4chen&#8220; neu gebaut. Dann hat sich Ernst noch voll ins Zeug gelegt und die Ladestation fertig verkabelt. <\/span><\/strong><\/p>\n<p><strong><span style=\"font-family: arial, helvetica, sans-serif; font-size: 16px;\">Ein ganz GROSSER DANK an alle Helfer und Jausenspender!<\/span><\/strong><\/p>\nngg_shortcode_10_placeholder\n<h1><span style=\"font-family: arial, helvetica, sans-serif; color: #3366ff;\">Attako 2.0m + 2.9m<\/span><\/h1>\n<p><strong>Attacke: im Sport oft genannt f\u00fcr &#8222;Angriff &#8211; Offensive &#8211; Sturm&#8220;. S<\/strong><strong>chnell, enorm agil am Hang, sensibel in der Thermik- ein echter Allesk\u00f6nner. Rumpf gibt es mit oder ohne Elektroantrieb.<\/strong><\/p>\n<div class=\"site-container\">\n<header id=\"header\" class=\"site-header\">\n<div class=\"wrap\">\n<div class=\"title-area\">\nngg_shortcode_11_placeholder<\/p>\n<h1><span style=\"font-family: arial, helvetica, sans-serif;\"><span style=\"text-decoration: underline;\"><span style=\"font-size: 28px;\">&nbsp;<\/span><\/span><strong><span style=\"color: #99cc00;\"><span style=\"color: #3366ff;\"><span style=\"text-decoration: underline;\"><span style=\"font-size: 28px;\">Jugend bastelt Indoorflieger<\/span><br \/>\n<\/span><\/span><\/span><\/strong><\/span><\/h1>\nngg_shortcode_12_placeholder\n<p>&nbsp;<\/p>\n<\/div>\n<\/div>\n<\/header>\n<\/div>\n","protected":false},"excerpt":{"rendered":"<p>Veranstaltungen RCC-Zirl 2025: 30.01.2026&nbsp; &nbsp; &nbsp; &nbsp;Jahreshauptversammlung 19:00 14.03.2026&nbsp; &nbsp; &nbsp; &nbsp;Arbeitseinsatz, Flurreinigung(bei Schlechtwetter 21.03) 30.05.2026&nbsp; &nbsp; &nbsp; &nbsp;RCC-Fest (bei Schlechtwetter XX.XX.26) 04-06.09.2026&nbsp; &nbsp;Hangflug Wochenende Lajen Hatzis S\u00fcdtirol xx.xx.2026&nbsp; &nbsp; &nbsp; &nbsp; Abfliegen, T\u00f6rgelen xx.xx.2026&nbsp; &nbsp; &nbsp; &nbsp;Beim Weihnachtswald auf&#8230; <a class=\"read-more-button\" href=\"https:\/\/www.rcc-zirl.at\/de\/\">(MEHR LESEN)<\/a><\/p>\n","protected":false},"author":1,"featured_media":0,"parent":0,"menu_order":0,"comment_status":"closed","ping_status":"closed","template":"","meta":{"ngg_post_thumbnail":0,"footnotes":""},"class_list":["post-7","page","type-page","status-publish","hentry"],"_links":{"self":[{"href":"https:\/\/www.rcc-zirl.at\/de\/wp-json\/wp\/v2\/pages\/7","targetHints":{"allow":["GET"]}}],"collection":[{"href":"https:\/\/www.rcc-zirl.at\/de\/wp-json\/wp\/v2\/pages"}],"about":[{"href":"https:\/\/www.rcc-zirl.at\/de\/wp-json\/wp\/v2\/types\/page"}],"author":[{"embeddable":true,"href":"https:\/\/www.rcc-zirl.at\/de\/wp-json\/wp\/v2\/users\/1"}],"replies":[{"embeddable":true,"href":"https:\/\/www.rcc-zirl.at\/de\/wp-json\/wp\/v2\/comments?post=7"}],"version-history":[{"count":547,"href":"https:\/\/www.rcc-zirl.at\/de\/wp-json\/wp\/v2\/pages\/7\/revisions"}],"predecessor-version":[{"id":5258,"href":"https:\/\/www.rcc-zirl.at\/de\/wp-json\/wp\/v2\/pages\/7\/revisions\/5258"}],"wp:attachment":[{"href":"https:\/\/www.rcc-zirl.at\/de\/wp-json\/wp\/v2\/media?parent=7"}],"curies":[{"name":"wp","href":"https:\/\/api.w.org\/{rel}","templated":true}]}}