{"id":9,"date":"2015-05-22T12:45:43","date_gmt":"2015-05-22T10:45:43","guid":{"rendered":"http:\/\/www.bulletbar.at\/rc-zirl\/?page_id=9"},"modified":"2019-06-08T22:44:11","modified_gmt":"2019-06-08T20:44:11","slug":"vereinsgelaende","status":"publish","type":"page","link":"https:\/\/www.rcc-zirl.at\/de\/vereinsgelaende\/","title":{"rendered":"Vereinsgel\u00e4nde"},"content":{"rendered":"<h1><span style=\"font-family: arial,helvetica,sans-serif;\">&nbsp;Fluggel\u00e4nde:<\/span><\/h1>\n<p><a href=\"http:\/\/www.rcc-zirl.at\/de\/wp-content\/uploads\/2018\/01\/Flugareal-und-Zufahrt_V1b.jpg\"><img loading=\"lazy\" decoding=\"async\" class=\"aligncenter size-large wp-image-3546\" src=\"http:\/\/www.rcc-zirl.at\/de\/wp-content\/uploads\/2018\/01\/Flugareal-und-Zufahrt_V1b-1024x724.jpg\" alt=\"\" width=\"590\" height=\"417\" srcset=\"https:\/\/www.rcc-zirl.at\/de\/wp-content\/uploads\/2018\/01\/Flugareal-und-Zufahrt_V1b-1024x724.jpg 1024w, https:\/\/www.rcc-zirl.at\/de\/wp-content\/uploads\/2018\/01\/Flugareal-und-Zufahrt_V1b-300x212.jpg 300w, https:\/\/www.rcc-zirl.at\/de\/wp-content\/uploads\/2018\/01\/Flugareal-und-Zufahrt_V1b-768x543.jpg 768w, https:\/\/www.rcc-zirl.at\/de\/wp-content\/uploads\/2018\/01\/Flugareal-und-Zufahrt_V1b-870x615.jpg 870w\" sizes=\"auto, (max-width: 590px) 100vw, 590px\" \/><\/a><span style=\"color: #000000;\"><strong>Info:<\/strong><\/span><\/p>\n<p><strong>Die Zufahrt darf nur von Vereinsmitgliedern befahren werden. Hier gilt allgemeines Fahrverbot !<br \/>\n<\/strong><\/p>\n<p><span style=\"color: #000000;\">Landebahnl\u00e4nge:&nbsp; ca.100m<\/span><br \/>\n<span style=\"color: #000000;\">Landebahnbreite: ca.15m<\/span><br \/>\n<span style=\"color: #000000;\">Gesamtbreite: ca.35m<\/span><br \/>\n<span style=\"color: #000000;\">H\u00f6henlage: 592m<\/span><br \/>\n<span style=\"color: #000000;\">Vereinsgel\u00e4nde:&nbsp;3500 qm<\/span><br \/>\n<span style=\"color: #000000;\">Typ: Grasbahn<\/span><br \/>\n<span style=\"color: #000000;\">Lage: s\u00fcdlicher Rand von Zirl<\/span><\/p>\n<h1><span style=\"color: #000000; font-family: arial,helvetica,sans-serif;\"><strong>Panorama unseres Vereinsgel\u00e4ndes:<\/strong><\/span><span style=\"color: #000000;\">&nbsp;<\/span><\/h1>\n<p><a href=\"http:\/\/www.rcc-zirl.at\/de\/wp-content\/uploads\/2019\/06\/1.jpg\"><img loading=\"lazy\" decoding=\"async\" class=\"aligncenter size-full wp-image-3954\" src=\"http:\/\/www.rcc-zirl.at\/de\/wp-content\/uploads\/2019\/06\/1.jpg\" alt=\"\" width=\"800\" height=\"600\" srcset=\"https:\/\/www.rcc-zirl.at\/de\/wp-content\/uploads\/2019\/06\/1.jpg 800w, https:\/\/www.rcc-zirl.at\/de\/wp-content\/uploads\/2019\/06\/1-300x225.jpg 300w, https:\/\/www.rcc-zirl.at\/de\/wp-content\/uploads\/2019\/06\/1-768x576.jpg 768w, https:\/\/www.rcc-zirl.at\/de\/wp-content\/uploads\/2019\/06\/1-184x138.jpg 184w, https:\/\/www.rcc-zirl.at\/de\/wp-content\/uploads\/2019\/06\/1-140x105.jpg 140w, https:\/\/www.rcc-zirl.at\/de\/wp-content\/uploads\/2019\/06\/1-196x147.jpg 196w\" sizes=\"auto, (max-width: 800px) 100vw, 800px\" \/><\/a><\/p>\n<p>&nbsp;<\/p>\n<p>&nbsp;<\/p>\n","protected":false},"excerpt":{"rendered":"<p>&nbsp;Fluggel\u00e4nde: Info: Die Zufahrt darf nur von Vereinsmitgliedern befahren werden. Hier gilt allgemeines Fahrverbot ! Landebahnl\u00e4nge:&nbsp; ca.100m Landebahnbreite: ca.15m Gesamtbreite: ca.35m H\u00f6henlage: 592m Vereinsgel\u00e4nde:&nbsp;3500 qm Typ: Grasbahn Lage: s\u00fcdlicher Rand von Zirl Panorama unseres Vereinsgel\u00e4ndes:&nbsp; &nbsp; &nbsp;<\/p>\n","protected":false},"author":1,"featured_media":0,"parent":0,"menu_order":0,"comment_status":"closed","ping_status":"closed","template":"","meta":{"ngg_post_thumbnail":0,"footnotes":""},"class_list":["post-9","page","type-page","status-publish","hentry"],"_links":{"self":[{"href":"https:\/\/www.rcc-zirl.at\/de\/wp-json\/wp\/v2\/pages\/9","targetHints":{"allow":["GET"]}}],"collection":[{"href":"https:\/\/www.rcc-zirl.at\/de\/wp-json\/wp\/v2\/pages"}],"about":[{"href":"https:\/\/www.rcc-zirl.at\/de\/wp-json\/wp\/v2\/types\/page"}],"author":[{"embeddable":true,"href":"https:\/\/www.rcc-zirl.at\/de\/wp-json\/wp\/v2\/users\/1"}],"replies":[{"embeddable":true,"href":"https:\/\/www.rcc-zirl.at\/de\/wp-json\/wp\/v2\/comments?post=9"}],"version-history":[{"count":19,"href":"https:\/\/www.rcc-zirl.at\/de\/wp-json\/wp\/v2\/pages\/9\/revisions"}],"predecessor-version":[{"id":3955,"href":"https:\/\/www.rcc-zirl.at\/de\/wp-json\/wp\/v2\/pages\/9\/revisions\/3955"}],"wp:attachment":[{"href":"https:\/\/www.rcc-zirl.at\/de\/wp-json\/wp\/v2\/media?parent=9"}],"curies":[{"name":"wp","href":"https:\/\/api.w.org\/{rel}","templated":true}]}}